{"id":5835,"date":"2021-06-16T09:24:17","date_gmt":"2021-06-16T09:24:17","guid":{"rendered":"https:\/\/jfkfoundation.ca\/communiquez-avec-nous\/"},"modified":"2026-02-19T20:31:51","modified_gmt":"2026-02-19T20:31:51","slug":"communiquez-avec-nous","status":"publish","type":"page","link":"https:\/\/jfkfoundation.ca\/fr\/communiquez-avec-nous\/","title":{"rendered":"Communiquez avec nous"},"content":{"rendered":"<div data-elementor-type=\"wp-page\" data-elementor-id=\"5835\" class=\"elementor elementor-5835 elementor-1366\" data-elementor-post-type=\"page\">\n\t\t\t\t\t\t<section class=\"elementor-section elementor-top-section elementor-element elementor-element-48b3ad2 elementor-section-full_width elementor-section-height-default elementor-section-height-default\" data-id=\"48b3ad2\" data-element_type=\"section\" data-e-type=\"section\">\n\t\t\t\t\t\t<div class=\"elementor-container elementor-column-gap-no\">\n\t\t\t\t\t<div class=\"elementor-column elementor-col-100 elementor-top-column elementor-element elementor-element-cba8651\" data-id=\"cba8651\" data-element_type=\"column\" data-e-type=\"column\">\n\t\t\t<div class=\"elementor-widget-wrap elementor-element-populated\">\n\t\t\t\t\t\t<div class=\"elementor-element elementor-element-959cf12 elementor-widget elementor-widget-loveicon_contact\" data-id=\"959cf12\" data-element_type=\"widget\" data-e-type=\"widget\" data-widget_type=\"loveicon_contact.default\">\n\t\t\t\t<div class=\"elementor-widget-container\">\n\t\t\t\t\t\t\t<!--Start Contact Style1 Area-->\r\n\t\t<section class=\"contact-style1-area\">\r\n\t\t\t<div class=\"container\">\r\n\t\t\t\t<div class=\"row text-right-rtl\">\r\n\t\t\t\t\t<div class=\"col-xl-8\">\r\n\t\t\t\t\t\t<div class=\"contact-style1_form\">\r\n\t\t\t\t\t\t\t<div class=\"sec-title\">\r\n\t\t\t\t\t\t\t\t<div class=\"sub-title martop0\">\r\n\t\t\t\t\t\t\t\t\t<div class=\"inner\">\r\n\t\t\t\t\t\t\t\t\t\t<h3>Appuyez la Fondation Just for Kids<\/h3>\r\n\t\t\t\t\t\t\t\t\t<\/div>\r\n\t\t\t\t\t\t\t\t<\/div>\r\n\t\t\t\t\t\t\t\t<h2>Contactez-nous<\/h2>\r\n\t\t\t\t\t\t\t\t<p>Si vous avez des questions, n'h\u00e9sitez pas \u00e0 nous laisser un message. Nous vous contacterons dans les plus brefs d\u00e9lais.\t\t\t\t\t\t\t\t<\/p>\r\n\t\t\t\t\t\t\t<\/div>\r\n\t\t\t\t\t\t\t<div class=\"contact-form\">\r\n\t\t\t\t\t\t\t\t\n<div class=\"wpcf7 no-js\" id=\"wpcf7-f5521-o1\" lang=\"fr-FR\" dir=\"ltr\" data-wpcf7-id=\"5521\">\n<div class=\"screen-reader-response\"><p role=\"status\" aria-live=\"polite\" aria-atomic=\"true\"><\/p> <ul><\/ul><\/div>\n<form action=\"\/fr\/wp-json\/wp\/v2\/pages\/5835#wpcf7-f5521-o1\" method=\"post\" class=\"wpcf7-form init\" aria-label=\"Contact form\" novalidate=\"novalidate\" data-status=\"init\" data-trp-original-action=\"\/fr\/wp-json\/wp\/v2\/pages\/5835#wpcf7-f5521-o1\">\n<fieldset class=\"hidden-fields-container\"><input type=\"hidden\" name=\"_wpcf7\" value=\"5521\" \/><input type=\"hidden\" name=\"_wpcf7_version\" value=\"6.1.5\" \/><input type=\"hidden\" name=\"_wpcf7_locale\" value=\"fr_FR\" \/><input type=\"hidden\" name=\"_wpcf7_unit_tag\" value=\"wpcf7-f5521-o1\" \/><input type=\"hidden\" name=\"_wpcf7_container_post\" value=\"0\" \/><input type=\"hidden\" name=\"_wpcf7_posted_data_hash\" value=\"\" \/><input type=\"hidden\" name=\"_wpcf7_recaptcha_response\" value=\"\" \/>\n<\/fieldset>\n<div class=\"default-form2\">\n\t<div class=\"row\">\n\t\t<div class=\"col-xl-6\">\n\t\t\t<div class=\"input-box\">\n\t\t\t\t<p><span class=\"wpcf7-form-control-wrap\" data-name=\"form_name\"><input size=\"40\" maxlength=\"400\" class=\"wpcf7-form-control wpcf7-text wpcf7-validates-as-required\" aria-required=\"true\" aria-invalid=\"false\" placeholder=\"Nom\" value=\"\" type=\"text\" name=\"form_name\" \/><\/span>\n\t\t\t\t<\/p>\n\t\t\t\t<div class=\"icon\">\n\t\t\t\t\t<p><span class=\"flaticon-user\"><\/span>\n\t\t\t\t\t<\/p>\n\t\t\t\t<\/div>\n\t\t\t<\/div>\n\t\t<\/div>\n\t\t<div class=\"col-xl-6\">\n\t\t\t<div class=\"input-box\">\n\t\t\t\t<p><span class=\"wpcf7-form-control-wrap\" data-name=\"form_email\"><input size=\"40\" maxlength=\"400\" class=\"wpcf7-form-control wpcf7-email wpcf7-validates-as-required wpcf7-text wpcf7-validates-as-email\" aria-required=\"true\" aria-invalid=\"false\" placeholder=\"Courriel\" value=\"\" type=\"email\" name=\"form_email\" \/><\/span>\n\t\t\t\t<\/p>\n\t\t\t\t<div class=\"icon\">\n\t\t\t\t\t<p><span class=\"flaticon-opened\"><\/span>\n\t\t\t\t\t<\/p>\n\t\t\t\t<\/div>\n\t\t\t<\/div>\n\t\t<\/div>\n\t<\/div>\n\t<div class=\"row\">\n\t\t<div class=\"col-xl-6\">\n\t\t\t<div class=\"input-box\">\n\t\t\t\t<p><span class=\"wpcf7-form-control-wrap\" data-name=\"form_phone\"><input size=\"40\" maxlength=\"400\" class=\"wpcf7-form-control wpcf7-text wpcf7-validates-as-required\" aria-required=\"true\" aria-invalid=\"false\" placeholder=\"No de t\u00e9l\u00e9phone\" value=\"\" type=\"text\" name=\"form_phone\" \/><\/span>\n\t\t\t\t<\/p>\n\t\t\t\t<div class=\"icon\">\n\t\t\t\t\t<p><span class=\"fa fa-phone\"><\/span>\n\t\t\t\t\t<\/p>\n\t\t\t\t<\/div>\n\t\t\t<\/div>\n\t\t<\/div>\n\t\t<div class=\"col-xl-6\">\n\t\t\t<div class=\"input-box\">\n\t\t\t\t<p><span class=\"wpcf7-form-control-wrap\" data-name=\"form_subject\"><input size=\"40\" maxlength=\"400\" class=\"wpcf7-form-control wpcf7-text wpcf7-validates-as-required\" aria-required=\"true\" aria-invalid=\"false\" placeholder=\"Objet\" value=\"\" type=\"text\" name=\"form_subject\" \/><\/span>\n\t\t\t\t<\/p>\n\t\t\t\t<div class=\"icon\">\n\t\t\t\t\t<p><span class=\"fa fa-comment-o\"><\/span>\n\t\t\t\t\t<\/p>\n\t\t\t\t<\/div>\n\t\t\t<\/div>\n\t\t<\/div>\n\t<\/div>\n\t<div class=\"row\">\n\t\t<div class=\"col-xl-12\">\n\t\t\t<div class=\"input-box\">\n\t\t\t\t<p><span class=\"wpcf7-form-control-wrap\" data-name=\"form_message\"><textarea cols=\"40\" rows=\"10\" maxlength=\"2000\" class=\"wpcf7-form-control wpcf7-textarea wpcf7-validates-as-required\" aria-required=\"true\" aria-invalid=\"false\" placeholder=\"message..\" name=\"form_message\"><\/textarea><\/span>\n\t\t\t\t<\/p>\n\t\t\t<\/div>\n\t\t\t<div class=\"button-box\">\n\t\t\t\t<p><button class=\"btn-one wpcf7-form-control wpcf7-submit\" type=\"submit\"><span class=\"txt\"><i class=\"arrow1 fa fa-check-circle\"><\/i> Envoyez votre message<\/span><\/button>\n\t\t\t\t<\/p>\n\t\t\t<\/div>\n\t\t<\/div>\n\t<\/div>\n<\/div><div class=\"wpcf7-response-output\" aria-hidden=\"true\"><\/div>\n<input type=\"hidden\" name=\"trp-form-language\" value=\"fr\"\/><\/form>\n<\/div>\n\t\t\t\t\t\t\t<\/div>\r\n\t\t\t\t\t\t<\/div>\r\n\t\t\t\t\t<\/div>\r\n\r\n\t\t\t\t\t<div class=\"col-xl-4\">\r\n\t\t\t\t\t\t<div class=\"sidebar-content-box\">\r\n\t\t\t\t\t\t\t<div class=\"contact-info-sidebar\">\r\n\t\t\t\t\t\t\t\t<ul>\r\n\t\t\t\t\t\t\t\t\t\t\t\t\t\t\t\t\t\t\t<li>\r\n\t\t\t\t\t\t\t\t\t\t\t<div class=\"top\">\r\n\t\t\t\t\t\t\t\t\t\t\t\t<div class=\"icon\">\r\n\t\t\t\t\t\t\t\t\t\t\t\t\t<span class=\"flaticon-phone-call-1\"><\/span>\r\n\t\t\t\t\t\t\t\t\t\t\t\t<\/div>\r\n\t\t\t\t\t\t\t\t\t\t\t\t<div class=\"title\">\r\n\t\t\t\t\t\t\t\t\t\t\t\t\t<h3>Phone<\/h3>\r\n\t\t\t\t\t\t\t\t\t\t\t\t<\/div>\r\n\t\t\t\t\t\t\t\t\t\t\t<\/div>\r\n\t\t\t\t\t\t\t\t\t\t\t<p><a href=\"tel:+15149897673\">514.989.7673<\/a><\/p>\n\t\t\t\t\t\t\t\t\t\t<\/li>\r\n\t\t\t\t\t\t\t\t\t\t\t\t\t\t\t\t\t\t\t\t<li>\r\n\t\t\t\t\t\t\t\t\t\t\t<div class=\"top\">\r\n\t\t\t\t\t\t\t\t\t\t\t\t<div class=\"icon\">\r\n\t\t\t\t\t\t\t\t\t\t\t\t\t<span class=\"flaticon-opened\"><\/span>\r\n\t\t\t\t\t\t\t\t\t\t\t\t<\/div>\r\n\t\t\t\t\t\t\t\t\t\t\t\t<div class=\"title\">\r\n\t\t\t\t\t\t\t\t\t\t\t\t\t<h3>Email<\/h3>\r\n\t\t\t\t\t\t\t\t\t\t\t\t<\/div>\r\n\t\t\t\t\t\t\t\t\t\t\t<\/div>\r\n\t\t\t\t\t\t\t\t\t\t\t<p><a href=\"mailto:reception@jkfoundation.ca\">reception@jkfoundation.ca<\/a><\/p>\n\t\t\t\t\t\t\t\t\t\t<\/li>\r\n\t\t\t\t\t\t\t\t\t\t\t\t\t\t\t\t\t\t\t\t<li>\r\n\t\t\t\t\t\t\t\t\t\t\t<div class=\"top\">\r\n\t\t\t\t\t\t\t\t\t\t\t\t<div class=\"icon\">\r\n\t\t\t\t\t\t\t\t\t\t\t\t\t<span class=\"flaticon-placeholder\"><\/span>\r\n\t\t\t\t\t\t\t\t\t\t\t\t<\/div>\r\n\t\t\t\t\t\t\t\t\t\t\t\t<div class=\"title\">\r\n\t\t\t\t\t\t\t\t\t\t\t\t\t<h3>Office<\/h3>\r\n\t\t\t\t\t\t\t\t\t\t\t\t<\/div>\r\n\t\t\t\t\t\t\t\t\t\t\t<\/div>\r\n\t\t\t\t\t\t\t\t\t\t\t2 rue Granville<br>Hampstead, QC H3X 3B1\t\t\t\t\t\t\t\t\t\t<\/li>\r\n\t\t\t\t\t\t\t\t\t\t\t\t\t\t\t\t\t\t<\/ul>\r\n\t\t\t\t\t\t\t<\/div>\r\n\t\t\t\t\t\t<\/div>\r\n\t\t\t\t\t<\/div>\r\n\r\n\t\t\t\t<\/div>\r\n\t\t\t<\/div>\r\n\t\t<\/section>\r\n\t\t<!--End Contact Style1 Area-->\r\n\t\t\t\t\t\t<\/div>\n\t\t\t\t<\/div>\n\t\t\t\t\t<\/div>\n\t\t<\/div>\n\t\t\t\t\t<\/div>\n\t\t<\/section>\n\t\t<div class=\"elementor-element elementor-element-ecdde68 e-flex e-con-boxed e-con e-parent\" data-id=\"ecdde68\" data-element_type=\"container\" data-e-type=\"container\">\n\t\t\t\t\t<div class=\"e-con-inner\">\n\t\t\t\t<div class=\"elementor-element elementor-element-84d7e47 elementor-widget elementor-widget-loveicon_team\" data-id=\"84d7e47\" data-element_type=\"widget\" data-e-type=\"widget\" data-widget_type=\"loveicon_team.default\">\n\t\t\t\t<div class=\"elementor-widget-container\">\n\t\t\t\t\t\t\t\t<!--Start Team Style1 Area-->\r\n\t\t\t<section class=\"team-style1-area\">\r\n\t\t\t\t\t\t\t\t<div class=\"shape\">\r\n\t\t\t\t\t<img decoding=\"async\" class=\"zoominout\" src=\"https:\/\/jfkfoundation.ca\/wp-content\/uploads\/2021\/06\/thm-shape-2.png\" alt=\"logo\">\r\n\t\t\t\t<\/div>\r\n\t\t\t\t\t\t\t\t\r\n\t\t\t\t<div class=\"container\">\r\n\t\t\t\t\t<div class=\"sec-title text-center\">\r\n\t\t\t\t\t\t<div class=\"sub-title\">\r\n\t\t\t\t\t\t\t<div class=\"inner\">\r\n\t\t\t\t\t\t\t\t<h3>Parce que chaque enfant est important<\/h3>\r\n\t\t\t\t\t\t\t<\/div>\r\n\t\t\t\t\t\t\t<div class=\"outer\">\r\n\t\t\t\t\t\t\t\t\t\t\t\t\t\t\t<\/div>\r\n\t\t\t\t\t\t<\/div>\r\n\t\t\t\t\t\t<h2>Rencontrez l\u2019\u00e9quipe<\/h2>\r\n\t\t\t\t\t<\/div>\r\n\t\t\t\t\t<div class=\"row\">\r\n\t\t\t\t\t\t\t\t\t\t\t\t\t<!--Start Single Team Style1-->\r\n\t\t\t\t\t\t\t<div class=\"col-xl-3 col-lg-6 col-md-6\">\r\n\t\t\t\t\t\t\t\t<div class=\"single-team-style1\">\r\n\t\t\t\t\t\t\t\t\t<div class=\"img-holder\">\r\n\t\t\t\t\t\t\t\t\t\t<div class=\"inner\">\r\n\t\t\t\t\t\t\t\t\t\t\t\t\t\t\t\t\t\t\t\t\t\t<div class=\"icon\">\r\n\t\t\t\t\t\t\t\t\t\t\t\t<span class=\"\"><\/span>\r\n\t\t\t\t\t\t\t\t\t\t\t<\/div>\r\n\t\t\t\t\t\t\t\t\t\t<\/div>\r\n\t\t\t\t\t\t\t\t\t\t<div class=\"overly-box\">\r\n\t\t\t\t\t\t\t\t\t\t\t<ul class=\"social-links\">\r\n\t\t\t\t\t\t\t\t\t\t\t\t\n                              \t\t\t\t\t\t\t\t\t\t\t<\/ul>\r\n\t\t\t\t\t\t\t\t\t\t<\/div>\r\n\t\t\t\t\t\t\t\t\t\t<div class=\"shape\">\r\n\t\t\t\t\t\t\t\t\t\t\t\t\t\t\t\t\t\t\t\t\t<\/div>\r\n\t\t\t\t\t\t\t\t\t<\/div>\r\n\t\t\t\t\t\t\t\t\t<div class=\"title-holder text-center\">\r\n\t\t\t\t\t\t\t\t\t\t<h3><\/h3>\r\n\t\t\t\t\t\t\t\t\t\t\t\t\t\t\t\t\t\t\t<\/div>\r\n\t\t\t\t\t\t\t\t<\/div>\r\n\t\t\t\t\t\t\t<\/div>\r\n\t\t\t\t\t\t\t<!--End Single Team Style1-->\r\n\t\t\t\t\t\t\t\t\t\t\t\t\t\t<!--Start Single Team Style1-->\r\n\t\t\t\t\t\t\t<div class=\"col-xl-3 col-lg-6 col-md-6\">\r\n\t\t\t\t\t\t\t\t<div class=\"single-team-style1\">\r\n\t\t\t\t\t\t\t\t\t<div class=\"img-holder\">\r\n\t\t\t\t\t\t\t\t\t\t<div class=\"inner\">\r\n\t\t\t\t\t\t\t\t\t\t\t<img fetchpriority=\"high\" decoding=\"async\" width=\"2289\" height=\"2560\" src=\"https:\/\/jfkfoundation.ca\/wp-content\/uploads\/2023\/09\/vi4qhyi9.jpg\" class=\"attachment-full size-full\" alt=\"\" \/>\t\t\t\t\t\t\t\t\t\t\t<div class=\"icon\">\r\n\t\t\t\t\t\t\t\t\t\t\t\t<span class=\"\"><\/span>\r\n\t\t\t\t\t\t\t\t\t\t\t<\/div>\r\n\t\t\t\t\t\t\t\t\t\t<\/div>\r\n\t\t\t\t\t\t\t\t\t\t<div class=\"overly-box\">\r\n\t\t\t\t\t\t\t\t\t\t\t<ul class=\"social-links\">\r\n\t\t\t\t\t\t\t\t\t\t\t\t<li><a href=\"mailto:lblumer@jfkfoundation.ca\"><i class=\"flaticon-opened\" aria-hidden=\"true\"><\/i><\/a><\/li>\t\t\t\t\t\t\t\t\t\t\t<\/ul>\r\n\t\t\t\t\t\t\t\t\t\t<\/div>\r\n\t\t\t\t\t\t\t\t\t\t<div class=\"shape\">\r\n\t\t\t\t\t\t\t\t\t\t\t<img decoding=\"async\" width=\"50\" height=\"50\" src=\"https:\/\/jfkfoundation.ca\/wp-content\/uploads\/2023\/09\/1-1-150x150-removebg-preview.png\" class=\"attachment-full size-full\" alt=\"\" \/>\t\t\t\t\t\t\t\t\t\t<\/div>\r\n\t\t\t\t\t\t\t\t\t<\/div>\r\n\t\t\t\t\t\t\t\t\t<div class=\"title-holder text-center\">\r\n\t\t\t\t\t\t\t\t\t\t<h3>Lorie Blumer<\/h3>\r\n\t\t\t\t\t\t\t\t\t\tDirectrice g\u00e9n\u00e9rale \t\t\t\t\t\t\t\t\t<\/div>\r\n\t\t\t\t\t\t\t\t<\/div>\r\n\t\t\t\t\t\t\t<\/div>\r\n\t\t\t\t\t\t\t<!--End Single Team Style1-->\r\n\t\t\t\t\t\t\t\t\t\t\t\t\t\t<!--Start Single Team Style1-->\r\n\t\t\t\t\t\t\t<div class=\"col-xl-3 col-lg-6 col-md-6\">\r\n\t\t\t\t\t\t\t\t<div class=\"single-team-style1\">\r\n\t\t\t\t\t\t\t\t\t<div class=\"img-holder\">\r\n\t\t\t\t\t\t\t\t\t\t<div class=\"inner\">\r\n\t\t\t\t\t\t\t\t\t\t\t<img decoding=\"async\" width=\"2289\" height=\"2560\" src=\"https:\/\/jfkfoundation.ca\/wp-content\/uploads\/2023\/09\/Cory-headshot-scaled.jpeg\" class=\"attachment-full size-full\" alt=\"\" \/>\t\t\t\t\t\t\t\t\t\t\t<div class=\"icon\">\r\n\t\t\t\t\t\t\t\t\t\t\t\t<span class=\"\"><\/span>\r\n\t\t\t\t\t\t\t\t\t\t\t<\/div>\r\n\t\t\t\t\t\t\t\t\t\t<\/div>\r\n\t\t\t\t\t\t\t\t\t\t<div class=\"overly-box\">\r\n\t\t\t\t\t\t\t\t\t\t\t<ul class=\"social-links\">\r\n\t\t\t\t\t\t\t\t\t\t\t\t<li><a href=\"mailto:cgarfinkle@jfkfoundation.ca\"><i class=\"flaticon-opened\" aria-hidden=\"true\"><\/i><\/a><\/li>\n                          \n                              \t\t\t\t\t\t\t\t\t\t\t<\/ul>\r\n\t\t\t\t\t\t\t\t\t\t<\/div>\r\n\t\t\t\t\t\t\t\t\t\t<div class=\"shape\">\r\n\t\t\t\t\t\t\t\t\t\t\t<img decoding=\"async\" width=\"50\" height=\"50\" src=\"https:\/\/jfkfoundation.ca\/wp-content\/uploads\/2023\/09\/1-1-150x150-removebg-preview.png\" class=\"attachment-full size-full\" alt=\"\" \/>\t\t\t\t\t\t\t\t\t\t<\/div>\r\n\t\t\t\t\t\t\t\t\t<\/div>\r\n\t\t\t\t\t\t\t\t\t<div class=\"title-holder text-center\">\r\n\t\t\t\t\t\t\t\t\t\t<h3>Cory Garfinkle<\/h3>\r\n\t\t\t\t\t\t\t\t\t\tGestionnaire d'\u00e9v\u00e9nements \t\t\t\t\t\t\t\t\t<\/div>\r\n\t\t\t\t\t\t\t\t<\/div>\r\n\t\t\t\t\t\t\t<\/div>\r\n\t\t\t\t\t\t\t<!--End Single Team Style1-->\r\n\t\t\t\t\t\t\t\t\t\t\t\t\t\t<!--Start Single Team Style1-->\r\n\t\t\t\t\t\t\t<div class=\"col-xl-3 col-lg-6 col-md-6\">\r\n\t\t\t\t\t\t\t\t<div class=\"single-team-style1\">\r\n\t\t\t\t\t\t\t\t\t<div class=\"img-holder\">\r\n\t\t\t\t\t\t\t\t\t\t<div class=\"inner\">\r\n\t\t\t\t\t\t\t\t\t\t\t\t\t\t\t\t\t\t\t\t\t\t<div class=\"icon\">\r\n\t\t\t\t\t\t\t\t\t\t\t\t<span class=\"\"><\/span>\r\n\t\t\t\t\t\t\t\t\t\t\t<\/div>\r\n\t\t\t\t\t\t\t\t\t\t<\/div>\r\n\t\t\t\t\t\t\t\t\t\t<div class=\"overly-box\">\r\n\t\t\t\t\t\t\t\t\t\t\t<ul class=\"social-links\">\r\n\t\t\t\t\t\t\t\t\t\t\t\t\n                          \n                              \t\t\t\t\t\t\t\t\t\t\t<\/ul>\r\n\t\t\t\t\t\t\t\t\t\t<\/div>\r\n\t\t\t\t\t\t\t\t\t\t<div class=\"shape\">\r\n\t\t\t\t\t\t\t\t\t\t\t\t\t\t\t\t\t\t\t\t\t<\/div>\r\n\t\t\t\t\t\t\t\t\t<\/div>\r\n\t\t\t\t\t\t\t\t\t<div class=\"title-holder text-center\">\r\n\t\t\t\t\t\t\t\t\t\t<h3><\/h3>\r\n\t\t\t\t\t\t\t\t\t\t\t\t\t\t\t\t\t\t\t<\/div>\r\n\t\t\t\t\t\t\t\t<\/div>\r\n\t\t\t\t\t\t\t<\/div>\r\n\t\t\t\t\t\t\t<!--End Single Team Style1-->\r\n\t\t\t\t\t\t\t\t\t\t\t\t<\/div>\r\n\t\t\t\t<\/div>\r\n\t\t\t<\/section>\r\n\t\t\t<!--End Team Style1 Area-->\r\n\t\t\t\t\t\t\t<\/div>\n\t\t\t\t<\/div>\n\t\t\t\t\t<\/div>\n\t\t\t\t<\/div>\n\t\t\t\t<section class=\"elementor-section elementor-top-section elementor-element elementor-element-1fa6808e elementor-section-stretched footer-area elementor-hidden-desktop elementor-hidden-tablet elementor-hidden-mobile elementor-section-boxed elementor-section-height-default elementor-section-height-default\" data-id=\"1fa6808e\" data-element_type=\"section\" data-e-type=\"section\" data-settings=\"{&quot;stretch_section&quot;:&quot;section-stretched&quot;}\">\n\t\t\t\t\t\t<div class=\"elementor-container elementor-column-gap-default\">\n\t\t\t\t\t<div class=\"elementor-column elementor-col-25 elementor-top-column elementor-element elementor-element-6b7f1dc8\" data-id=\"6b7f1dc8\" data-element_type=\"column\" data-e-type=\"column\">\n\t\t\t<div class=\"elementor-widget-wrap elementor-element-populated\">\n\t\t\t\t\t\t<div class=\"elementor-element elementor-element-cbb8fa elementor-widget elementor-widget-loveicon_footer_one\" data-id=\"cbb8fa\" data-element_type=\"widget\" data-e-type=\"widget\" data-widget_type=\"loveicon_footer_one.default\">\n\t\t\t\t<div class=\"elementor-widget-container\">\n\t\t\t\t\t        <!--Start single footer widget-->\r\n        \r\n            <div class=\"single-footer-widget\">\r\n                <div class=\"our-company-info\">\r\n                    <div class=\"footer-logo\">\r\n                        <a href=\"\/fr\/index.html\/\">\r\n                            <img loading=\"lazy\" decoding=\"async\" width=\"286\" height=\"79\" src=\"https:\/\/jfkfoundation.ca\/wp-content\/uploads\/2023\/06\/logo.png\" class=\"attachment-full size-full\" alt=\"\" \/><\/a>\r\n                    <\/div>\r\n                    <div class=\"text-box\">\r\n                        <p><!--Our vision is to continually enhance the experience and care of patients at the Montreal Children\u2019s Hospital.--><\/p>\r\n                    <\/div>\r\n\r\n                    <div class=\"footer-contact-info\">\r\n                        <div class=\"icon\">\r\n                            <span class=\"flaticon-phone-call\"><\/span>\r\n                        <\/div>\r\n                        <div class=\"support-box\">\r\n                            <div class=\"support-box\">\n                                    <h5><a href=\"tel:+514-989-7673\"> 514.989.7673<\/a><\/h5>\n                                    <div class=\"email\">\n                                        <p><a href=\"mailto:reception@JFKfoundation.ca\"> reception@JFKfoundation.ca<\/a><\/p>\n                                    <\/div>\n                                <\/div>                        <\/div>\r\n                    <\/div>\r\n\r\n                <\/div>\r\n            <\/div>\r\n\t\t\t\t<\/div>\n\t\t\t\t<\/div>\n\t\t\t\t\t<\/div>\n\t\t<\/div>\n\t\t\t\t<div class=\"elementor-column elementor-col-25 elementor-top-column elementor-element elementor-element-62322e2b some-who-footer\" data-id=\"62322e2b\" data-element_type=\"column\" data-e-type=\"column\">\n\t\t\t<div class=\"elementor-widget-wrap elementor-element-populated\">\n\t\t\t\t\t\t<div class=\"elementor-element elementor-element-2bb89c5f aboutjfk elementor-widget elementor-widget-loveicon_footer_two\" data-id=\"2bb89c5f\" data-element_type=\"widget\" data-e-type=\"widget\" data-widget_type=\"loveicon_footer_two.default\">\n\t\t\t\t<div class=\"elementor-widget-container\">\n\t\t\t\t\t       \r\n            <div class=\"single-footer-widget martop pd40-0\">\r\n                <div class=\"title\">\r\n                    <h3>\u00c0 propos de PES<\/h3>\r\n                <\/div>\r\n                <ul class=\"footer-widget-links1\">\r\n\r\n                                            <li><a href=\"https:\/\/jfkfoundation.ca\/fr\/about-us\/\"  >\u00c0 propos<\/a><\/li>\r\n                                            <li><a href=\"\/fr\/donate\/\"  >Faire un don<\/a><\/li>\r\n                                            <li><a href=\"\/fr\/donate\/#ways-to-donate\"  >Fa\u00e7ons de donner<\/a><\/li>\r\n                                            <li><a href=\"\/fr\/get-involved\/\"  >Je m\u2019implique<\/a><\/li>\r\n                                            <li><a href=\"\/fr\/contact-us\/\"  >Nous joindre<\/a><\/li>\r\n                                    <\/ul>\r\n            <\/div>\r\n\t\t\t\t<\/div>\n\t\t\t\t<\/div>\n\t\t\t\t\t<\/div>\n\t\t<\/div>\n\t\t\t\t<div class=\"elementor-column elementor-col-25 elementor-top-column elementor-element elementor-element-70dbcfc3\" data-id=\"70dbcfc3\" data-element_type=\"column\" data-e-type=\"column\">\n\t\t\t<div class=\"elementor-widget-wrap elementor-element-populated\">\n\t\t\t\t\t\t<div class=\"elementor-element elementor-element-71100f28 elementor-widget elementor-widget-loveicon_footer_two\" data-id=\"71100f28\" data-element_type=\"widget\" data-e-type=\"widget\" data-widget_type=\"loveicon_footer_two.default\">\n\t\t\t\t<div class=\"elementor-widget-container\">\n\t\t\t\t\t       \r\n            <div class=\"single-footer-widget martop pd40-0\">\r\n                <div class=\"title\">\r\n                    <h3>Events<\/h3>\r\n                <\/div>\r\n                <ul class=\"footer-widget-links1\">\r\n\r\n                                            <li><a href=\"\/fr\/campaigns\/jfk-golf-tournament-cycling-tour\/\"  >Tournoi de golf et d\u00e9fi v\u00e9lo PES<\/a><\/li>\r\n                                            <li><a href=\"\/fr\/campaigns\/jfk-masquerade-ball\/\"  >Le Bal PES<\/a><\/li>\r\n                                            <li><a href=\"\/fr\/campaigns\/jfk-ski-for-the-childrens\/\"  >Ski pour le Children PES<\/a><\/li>\r\n                                            <li><a href=\"\/fr\/campaigns\/jfk-stroll-for-kids\/\"  >La promenade pour les petits PES<\/a><\/li>\r\n                                            <li><a href=\"\/fr\/campaigns\/jfk-tiny-survivors\/\"  >Les petits survivants PES<\/a><\/li>\r\n                                    <\/ul>\r\n            <\/div>\r\n\t\t\t\t<\/div>\n\t\t\t\t<\/div>\n\t\t\t\t\t<\/div>\n\t\t<\/div>\n\t\t\t\t<div class=\"elementor-column elementor-col-25 elementor-top-column elementor-element elementor-element-5b8d7715\" data-id=\"5b8d7715\" data-element_type=\"column\" data-e-type=\"column\">\n\t\t\t<div class=\"elementor-widget-wrap elementor-element-populated\">\n\t\t\t\t\t\t<div class=\"elementor-element elementor-element-59312d0d elementor-widget elementor-widget-loveicon_footer_subscribe\" data-id=\"59312d0d\" data-element_type=\"widget\" data-e-type=\"widget\" data-widget_type=\"loveicon_footer_subscribe.default\">\n\t\t\t\t<div class=\"elementor-widget-container\">\n\t\t\t\t\t\r\n            <div class=\"single-footer-widget fixwidth martop pdtop40\">\r\n                <div class=\"title\">\r\n                    <h3>S\u2019inscrire<\/h3>\r\n                <\/div>\r\n                <div class=\"text\">\r\n                    <p>Obtenez les derni\u00e8res nouvelles. Saisissez votre courriel<\/p>\r\n                <\/div>\r\n\r\n                \n<div class=\"wpcf7 no-js\" id=\"wpcf7-f5505-o2\" lang=\"fr-FR\" dir=\"ltr\" data-wpcf7-id=\"5505\">\n<div class=\"screen-reader-response\"><p role=\"status\" aria-live=\"polite\" aria-atomic=\"true\"><\/p> <ul><\/ul><\/div>\n<form action=\"\/fr\/wp-json\/wp\/v2\/pages\/5835#wpcf7-f5505-o2\" method=\"post\" class=\"wpcf7-form init\" aria-label=\"Contact form\" novalidate=\"novalidate\" data-status=\"init\" data-trp-original-action=\"\/fr\/wp-json\/wp\/v2\/pages\/5835#wpcf7-f5505-o2\">\n<fieldset class=\"hidden-fields-container\"><input type=\"hidden\" name=\"_wpcf7\" value=\"5505\" \/><input type=\"hidden\" name=\"_wpcf7_version\" value=\"6.1.5\" \/><input type=\"hidden\" name=\"_wpcf7_locale\" value=\"fr_FR\" \/><input type=\"hidden\" name=\"_wpcf7_unit_tag\" value=\"wpcf7-f5505-o2\" \/><input type=\"hidden\" name=\"_wpcf7_container_post\" value=\"0\" \/><input type=\"hidden\" name=\"_wpcf7_posted_data_hash\" value=\"\" \/><input type=\"hidden\" name=\"_wpcf7_recaptcha_response\" value=\"\" \/>\n<\/fieldset>\n<div  class=\"widget-subscribe-form\">\n\t<div class=\"form-group\">\n\t\t<p><span class=\"wpcf7-form-control-wrap\" data-name=\"your-email\"><input size=\"40\" maxlength=\"400\" class=\"wpcf7-form-control wpcf7-email wpcf7-validates-as-required wpcf7-text wpcf7-validates-as-email\" aria-required=\"true\" aria-invalid=\"false\" placeholder=\"Saisissez votre courriel\" value=\"\" type=\"email\" name=\"your-email\" \/><\/span><button class=\"submit\"><i class=\"flaticon-opened wpcf7-form-control wpcf7-submit\"><\/i><\/button>\n\t\t<\/p>\n\t<\/div>\n<\/div><div class=\"wpcf7-response-output\" aria-hidden=\"true\"><\/div>\n<input type=\"hidden\" name=\"trp-form-language\" value=\"fr\"\/><\/form>\n<\/div>\n            <\/div>\r\n\t\t\t\t<\/div>\n\t\t\t\t<\/div>\n\t\t\t\t\t<\/div>\n\t\t<\/div>\n\t\t\t\t\t<\/div>\n\t\t<\/section>\n\t\t\t\t<\/div>","protected":false},"excerpt":{"rendered":"<p>Appuyez la Fondation Just for Kids Contactez-nous Si vous avez des questions, n&#8217;h\u00e9sitez pas \u00e0 nous laisser un message. Nous [&hellip;]<\/p>\n","protected":false},"author":1,"featured_media":5247,"parent":0,"menu_order":0,"comment_status":"closed","ping_status":"closed","template":"elementor_header_footer","meta":{"_mo_disable_npp":"","footnotes":""},"class_list":["post-5835","page","type-page","status-publish","has-post-thumbnail","hentry"],"_links":{"self":[{"href":"https:\/\/jfkfoundation.ca\/fr\/wp-json\/wp\/v2\/pages\/5835","targetHints":{"allow":["GET"]}}],"collection":[{"href":"https:\/\/jfkfoundation.ca\/fr\/wp-json\/wp\/v2\/pages"}],"about":[{"href":"https:\/\/jfkfoundation.ca\/fr\/wp-json\/wp\/v2\/types\/page"}],"author":[{"embeddable":true,"href":"https:\/\/jfkfoundation.ca\/fr\/wp-json\/wp\/v2\/users\/1"}],"replies":[{"embeddable":true,"href":"https:\/\/jfkfoundation.ca\/fr\/wp-json\/wp\/v2\/comments?post=5835"}],"version-history":[{"count":37,"href":"https:\/\/jfkfoundation.ca\/fr\/wp-json\/wp\/v2\/pages\/5835\/revisions"}],"predecessor-version":[{"id":6707,"href":"https:\/\/jfkfoundation.ca\/fr\/wp-json\/wp\/v2\/pages\/5835\/revisions\/6707"}],"wp:featuredmedia":[{"embeddable":true,"href":"https:\/\/jfkfoundation.ca\/fr\/wp-json\/wp\/v2\/media\/5247"}],"wp:attachment":[{"href":"https:\/\/jfkfoundation.ca\/fr\/wp-json\/wp\/v2\/media?parent=5835"}],"curies":[{"name":"wp","href":"https:\/\/api.w.org\/{rel}","templated":true}]}}